{"id":642,"date":"2020-05-28T16:03:35","date_gmt":"2020-05-28T20:03:35","guid":{"rendered":"https:\/\/garier.ca\/career\/"},"modified":"2020-05-28T16:03:35","modified_gmt":"2020-05-28T20:03:35","slug":"career","status":"publish","type":"page","link":"https:\/\/garier.ca\/en\/career\/","title":{"rendered":"Career"},"content":{"rendered":"<div class=\"wpb-content-wrapper\"><p>[vc_section full_width=&#8221;stretch_row_content&#8221; full_height=&#8221;yes&#8221; content_placement=&#8221;top&#8221; css=&#8221;.vc_custom_1490195450931{padding-top: 0px !important;padding-right: 0px !important;padding-bottom: 0px !important;padding-left: 0px !important;background-position: center !important;background-repeat: no-repeat !important;background-size: cover !important;}&#8221;][vc_row full_width=&#8221;stretch_row_content_no_spaces&#8221; content_placement=&#8221;middle&#8221; css=&#8221;.vc_custom_1491335387860{background-image: url(http:\/\/garier.ca\/wp-content\/uploads\/2017\/04\/header-soudure.jpg?id=428) !important;background-position: center !important;background-repeat: no-repeat !important;background-size: cover !important;}&#8221; el_id=&#8221;header_inner&#8221;][vc_column][vc_column_text el_class=&#8221;intro_text&#8221; css=&#8221;.vc_custom_1525884830379{margin-left: 5% !important;}&#8221;]<\/p>\n<h4>Vous cherchez un\u00a0travail motivant?<\/h4>\n<h1>CONSULTEZ NOS OFFRES D&#8217;EMPLOI<\/h1>\n<p>[\/vc_column_text][\/vc_column][\/vc_row][vc_row css=&#8221;.vc_custom_1490213977197{margin-right: 0px !important;}&#8221;][vc_column width=&#8221;8\/12&#8243; css=&#8221;.vc_custom_1490289814593{padding-left: 8% !important;}&#8221;][vc_column_text]<\/p>\n<h2>UNE CARRI\u00c8RE CHEZ\u00a0GARIER<\/h2>\n<p>Leader dans le march\u00e9 de la conception et la fabrication d&#8217;\u00e9quipement pour machinerie lourde, Garier est \u00e0 la recherche de gens passionn\u00e9s et soucieux d&#8217;offrir des produits de qualit\u00e9 sup\u00e9rieur et un service impeccable.<\/p>\n<p>Participer au succ\u00e8s et \u00e0 la croissance d&#8217;une entreprise qu\u00e9b\u00e9coise vous interpelle? Faites-nous parvenir votre C.V.<\/p>\n<h3 class=\"subtitle\">POSTES DISPONIBLES<\/h3>\n<p>[\/vc_column_text][vc_column_text css=&#8221;.vc_custom_1525888037564{margin-right: 20px !important;padding-top: 20px !important;padding-right: 20px !important;padding-bottom: 20px !important;padding-left: 20px !important;background-color: #f5f5f5 !important;}&#8221;]<strong>Poste \u00e0 venir<\/strong><\/p>\n<p>Description du poste \u00e0 venir.[\/vc_column_text][\/vc_column][vc_column width=&#8221;4\/12&#8243; css=&#8221;.vc_custom_1490214546213{background-color: #f5f5f5 !important;}&#8221;][vc_column_text css=&#8221;.vc_custom_1490290046660{padding-right: 20px !important;padding-left: 20px !important;background-color: #f5f5f5 !important;}&#8221;]<\/p>\n<h2>Demande d&#8217;emploi<\/h2>\n<div class=\"wpcf7 no-js\" id=\"wpcf7-f424-o1\" lang=\"fr-FR\" dir=\"ltr\" data-wpcf7-id=\"424\">\n<div class=\"screen-reader-response\"><p role=\"status\" aria-live=\"polite\" aria-atomic=\"true\"><\/p> <ul><\/ul><\/div>\n<form action=\"\/en\/wp-json\/wp\/v2\/pages\/642#wpcf7-f424-o1\" method=\"post\" class=\"wpcf7-form init\" aria-label=\"Formulaire de contact\" enctype=\"multipart\/form-data\" novalidate=\"novalidate\" data-status=\"init\">\n<fieldset class=\"hidden-fields-container\"><input type=\"hidden\" name=\"_wpcf7\" value=\"424\" \/><input type=\"hidden\" name=\"_wpcf7_version\" value=\"6.1.5\" \/><input type=\"hidden\" name=\"_wpcf7_locale\" value=\"fr_FR\" \/><input type=\"hidden\" name=\"_wpcf7_unit_tag\" value=\"wpcf7-f424-o1\" \/><input type=\"hidden\" name=\"_wpcf7_container_post\" value=\"0\" \/><input type=\"hidden\" name=\"_wpcf7_posted_data_hash\" value=\"\" \/>\n<\/fieldset>\n<p><span class=\"wpcf7-form-control-wrap\" data-name=\"your-firstname\"><input size=\"40\" maxlength=\"400\" class=\"wpcf7-form-control wpcf7-text wpcf7-validates-as-required text-field w-input\" aria-required=\"true\" aria-invalid=\"false\" placeholder=\"Pr\u00e9nom\" value=\"\" type=\"text\" name=\"your-firstname\" \/><\/span>\n<\/p>\n<p><span class=\"wpcf7-form-control-wrap\" data-name=\"your-lastname\"><input size=\"40\" maxlength=\"400\" class=\"wpcf7-form-control wpcf7-text wpcf7-validates-as-required text-field w-input\" aria-required=\"true\" aria-invalid=\"false\" placeholder=\"Nom\" value=\"\" type=\"text\" name=\"your-lastname\" \/><\/span>\n<\/p>\n<p><span class=\"wpcf7-form-control-wrap\" data-name=\"your-email\"><input size=\"40\" maxlength=\"400\" class=\"wpcf7-form-control wpcf7-email wpcf7-validates-as-required wpcf7-text wpcf7-validates-as-email text-field w-input\" aria-required=\"true\" aria-invalid=\"false\" placeholder=\"Courriel\" value=\"\" type=\"email\" name=\"your-email\" \/><\/span>\n<\/p>\n<p><span class=\"wpcf7-form-control-wrap\" data-name=\"positionapply\"><input size=\"40\" maxlength=\"400\" class=\"wpcf7-form-control wpcf7-text wpcf7-validates-as-required text-field w-input\" aria-required=\"true\" aria-invalid=\"false\" placeholder=\"Pour quel poste voulez-vous postuler?\" value=\"\" type=\"text\" name=\"positionapply\" \/><\/span>\n<\/p>\n<p>Lettre de pr\u00e9sentation<br \/>\n<span class=\"wpcf7-form-control-wrap\" data-name=\"coverletter\"><input size=\"40\" class=\"wpcf7-form-control wpcf7-file wpcf7-validates-as-required text-field w-input\" id=\"coverletter\" accept=\".pdf,.doc,.docm,.docx,.rtf\" aria-required=\"true\" aria-invalid=\"false\" type=\"file\" name=\"coverletter\" \/><\/span>\n<\/p>\n<p>CV<br \/>\n<span class=\"wpcf7-form-control-wrap\" data-name=\"cv\"><input size=\"40\" class=\"wpcf7-form-control wpcf7-file wpcf7-validates-as-required text-field w-input\" id=\"cv\" accept=\".pdf,.doc,.docm,.docx,.rtf\" aria-required=\"true\" aria-invalid=\"false\" type=\"file\" name=\"cv\" \/><\/span>\n<\/p>\n<p><span style=\"height:60px;display:block;\">Utilisez des fichiers extension Words<\/span>\n<\/p>\n<p><span class=\"wpcf7-form-control-wrap\" data-name=\"your-message\"><textarea cols=\"40\" rows=\"10\" maxlength=\"2000\" class=\"wpcf7-form-control wpcf7-textarea textarea w-input\" aria-invalid=\"false\" placeholder=\"Message o\u00f9 notes...\" name=\"your-message\"><\/textarea><\/span>\n<\/p>\n<p><input class=\"wpcf7-form-control wpcf7-submit has-spinner black-button button w-button\" type=\"submit\" value=\"ENVOYER\" \/>\n<\/p><div class=\"wpcf7-response-output\" aria-hidden=\"true\"><\/div>\n<\/form>\n<\/div>\n[\/vc_column_text][\/vc_column][\/vc_row][\/vc_section]<\/p>\n<\/div>","protected":false},"excerpt":{"rendered":"<p>[vc_section full_width=&#8221;stretch_row_content&#8221; full_height=&#8221;yes&#8221; content_placement=&#8221;top&#8221; css=&#8221;.vc_custom_1490195450931{padding-top: 0px !important;padding-right: 0px !important;padding-bottom: 0px !important;padding-left: 0px !important;background-position: center !important;background-repeat: no-repeat !important;background-size: cover !important;}&#8221;][vc_row full_width=&#8221;stretch_row_content_no_spaces&#8221; content_placement=&#8221;middle&#8221; css=&#8221;.vc_custom_1491335387860{background-image: url(http:\/\/garier.ca\/wp-content\/uploads\/2017\/04\/header-soudure.jpg?id=428) !important;background-position: center !important;background-repeat: no-repeat !important;background-size: cover !important;}&#8221; el_id=&#8221;header_inner&#8221;][vc_column][vc_column_text el_class=&#8221;intro_text&#8221; css=&#8221;.vc_custom_1525884830379{margin-left: 5% !important;}&#8221;] Vous cherchez un\u00a0travail motivant? CONSULTEZ NOS OFFRES D&#8217;EMPLOI [\/vc_column_text][\/vc_column][\/vc_row][vc_row css=&#8221;.vc_custom_1490213977197{margin-right: 0px !important;}&#8221;][vc_column width=&#8221;8\/12&#8243; css=&#8221;.vc_custom_1490289814593{padding-left: 8% !important;}&#8221;][vc_column_text] UNE CARRI\u00c8RE CHEZ\u00a0GARIER Leader [&hellip;]<\/p>\n","protected":false},"author":3,"featured_media":0,"parent":0,"menu_order":8,"comment_status":"closed","ping_status":"closed","template":"","meta":{"_acf_changed":false,"footnotes":""},"class_list":["post-642","page","type-page","status-publish","hentry"],"acf":[],"yoast_head":"<!-- This site is optimized with the Yoast SEO plugin v26.8 - https:\/\/yoast.com\/product\/yoast-seo-wordpress\/ -->\n<title>Faites carri\u00e8re chez Garier | \u00c9quipements de machinerine lourde<\/title>\n<meta name=\"description\" content=\"Leader dans le march\u00e9, Garier, une entreprise qu\u00e9b\u00e9coise, est \u00e0 la recherche de gens passionn\u00e9s et soucieux d&#039;offrir des produits et un service de qualit\u00e9s \u00e0 ses clients.\" \/>\n<meta name=\"robots\" content=\"index, follow, max-snippet:-1, max-image-preview:large, max-video-preview:-1\" \/>\n<link rel=\"canonical\" href=\"https:\/\/garier.ca\/en\/career\/\" \/>\n<meta property=\"og:locale\" content=\"en_US\" \/>\n<meta property=\"og:type\" content=\"article\" \/>\n<meta property=\"og:title\" content=\"Faites carri\u00e8re chez Garier | \u00c9quipements de machinerine lourde\" \/>\n<meta property=\"og:description\" content=\"Leader dans le march\u00e9, Garier, une entreprise qu\u00e9b\u00e9coise, est \u00e0 la recherche de gens passionn\u00e9s et soucieux d&#039;offrir des produits et un service de qualit\u00e9s \u00e0 ses clients.\" \/>\n<meta property=\"og:url\" content=\"https:\/\/garier.ca\/en\/career\/\" \/>\n<meta property=\"og:site_name\" content=\"Garier\" \/>\n<meta name=\"twitter:card\" content=\"summary_large_image\" \/>\n<meta name=\"twitter:label1\" content=\"Est. reading time\" \/>\n\t<meta name=\"twitter:data1\" content=\"1 minute\" \/>\n<script type=\"application\/ld+json\" class=\"yoast-schema-graph\">{\"@context\":\"https:\/\/schema.org\",\"@graph\":[{\"@type\":\"WebPage\",\"@id\":\"https:\/\/garier.ca\/en\/career\/\",\"url\":\"https:\/\/garier.ca\/en\/career\/\",\"name\":\"Faites carri\u00e8re chez Garier | \u00c9quipements de machinerine lourde\",\"isPartOf\":{\"@id\":\"https:\/\/garier.ca\/en\/#website\"},\"datePublished\":\"2020-05-28T20:03:35+00:00\",\"description\":\"Leader dans le march\u00e9, Garier, une entreprise qu\u00e9b\u00e9coise, est \u00e0 la recherche de gens passionn\u00e9s et soucieux d'offrir des produits et un service de qualit\u00e9s \u00e0 ses clients.\",\"breadcrumb\":{\"@id\":\"https:\/\/garier.ca\/en\/career\/#breadcrumb\"},\"inLanguage\":\"en-US\",\"potentialAction\":[{\"@type\":\"ReadAction\",\"target\":[\"https:\/\/garier.ca\/en\/career\/\"]}]},{\"@type\":\"BreadcrumbList\",\"@id\":\"https:\/\/garier.ca\/en\/career\/#breadcrumb\",\"itemListElement\":[{\"@type\":\"ListItem\",\"position\":1,\"name\":\"Home\",\"item\":\"https:\/\/garier.ca\/en\/\"},{\"@type\":\"ListItem\",\"position\":2,\"name\":\"Career\"}]},{\"@type\":\"WebSite\",\"@id\":\"https:\/\/garier.ca\/en\/#website\",\"url\":\"https:\/\/garier.ca\/en\/\",\"name\":\"Garier\",\"description\":\"\",\"potentialAction\":[{\"@type\":\"SearchAction\",\"target\":{\"@type\":\"EntryPoint\",\"urlTemplate\":\"https:\/\/garier.ca\/en\/?s={search_term_string}\"},\"query-input\":{\"@type\":\"PropertyValueSpecification\",\"valueRequired\":true,\"valueName\":\"search_term_string\"}}],\"inLanguage\":\"en-US\"}]}<\/script>\n<!-- \/ Yoast SEO plugin. -->","yoast_head_json":{"title":"Faites carri\u00e8re chez Garier | \u00c9quipements de machinerine lourde","description":"Leader dans le march\u00e9, Garier, une entreprise qu\u00e9b\u00e9coise, est \u00e0 la recherche de gens passionn\u00e9s et soucieux d'offrir des produits et un service de qualit\u00e9s \u00e0 ses clients.","robots":{"index":"index","follow":"follow","max-snippet":"max-snippet:-1","max-image-preview":"max-image-preview:large","max-video-preview":"max-video-preview:-1"},"canonical":"https:\/\/garier.ca\/en\/career\/","og_locale":"en_US","og_type":"article","og_title":"Faites carri\u00e8re chez Garier | \u00c9quipements de machinerine lourde","og_description":"Leader dans le march\u00e9, Garier, une entreprise qu\u00e9b\u00e9coise, est \u00e0 la recherche de gens passionn\u00e9s et soucieux d'offrir des produits et un service de qualit\u00e9s \u00e0 ses clients.","og_url":"https:\/\/garier.ca\/en\/career\/","og_site_name":"Garier","twitter_card":"summary_large_image","twitter_misc":{"Est. reading time":"1 minute"},"schema":{"@context":"https:\/\/schema.org","@graph":[{"@type":"WebPage","@id":"https:\/\/garier.ca\/en\/career\/","url":"https:\/\/garier.ca\/en\/career\/","name":"Faites carri\u00e8re chez Garier | \u00c9quipements de machinerine lourde","isPartOf":{"@id":"https:\/\/garier.ca\/en\/#website"},"datePublished":"2020-05-28T20:03:35+00:00","description":"Leader dans le march\u00e9, Garier, une entreprise qu\u00e9b\u00e9coise, est \u00e0 la recherche de gens passionn\u00e9s et soucieux d'offrir des produits et un service de qualit\u00e9s \u00e0 ses clients.","breadcrumb":{"@id":"https:\/\/garier.ca\/en\/career\/#breadcrumb"},"inLanguage":"en-US","potentialAction":[{"@type":"ReadAction","target":["https:\/\/garier.ca\/en\/career\/"]}]},{"@type":"BreadcrumbList","@id":"https:\/\/garier.ca\/en\/career\/#breadcrumb","itemListElement":[{"@type":"ListItem","position":1,"name":"Home","item":"https:\/\/garier.ca\/en\/"},{"@type":"ListItem","position":2,"name":"Career"}]},{"@type":"WebSite","@id":"https:\/\/garier.ca\/en\/#website","url":"https:\/\/garier.ca\/en\/","name":"Garier","description":"","potentialAction":[{"@type":"SearchAction","target":{"@type":"EntryPoint","urlTemplate":"https:\/\/garier.ca\/en\/?s={search_term_string}"},"query-input":{"@type":"PropertyValueSpecification","valueRequired":true,"valueName":"search_term_string"}}],"inLanguage":"en-US"}]}},"_links":{"self":[{"href":"https:\/\/garier.ca\/en\/wp-json\/wp\/v2\/pages\/642","targetHints":{"allow":["GET"]}}],"collection":[{"href":"https:\/\/garier.ca\/en\/wp-json\/wp\/v2\/pages"}],"about":[{"href":"https:\/\/garier.ca\/en\/wp-json\/wp\/v2\/types\/page"}],"author":[{"embeddable":true,"href":"https:\/\/garier.ca\/en\/wp-json\/wp\/v2\/users\/3"}],"replies":[{"embeddable":true,"href":"https:\/\/garier.ca\/en\/wp-json\/wp\/v2\/comments?post=642"}],"version-history":[{"count":0,"href":"https:\/\/garier.ca\/en\/wp-json\/wp\/v2\/pages\/642\/revisions"}],"wp:attachment":[{"href":"https:\/\/garier.ca\/en\/wp-json\/wp\/v2\/media?parent=642"}],"curies":[{"name":"wp","href":"https:\/\/api.w.org\/{rel}","templated":true}]}}