{"id":644,"date":"2020-05-28T16:03:56","date_gmt":"2020-05-28T20:03:56","guid":{"rendered":"https:\/\/garier.ca\/contact\/"},"modified":"2020-05-28T16:03:57","modified_gmt":"2020-05-28T20:03:57","slug":"contact","status":"publish","type":"page","link":"https:\/\/garier.ca\/en\/contact\/","title":{"rendered":"Contact"},"content":{"rendered":"<div class=\"wpb-content-wrapper\"><p>[vc_section full_width=&#8221;stretch_row_content&#8221; full_height=&#8221;yes&#8221; content_placement=&#8221;top&#8221; css=&#8221;.vc_custom_1490195450931{padding-top: 0px !important;padding-right: 0px !important;padding-bottom: 0px !important;padding-left: 0px !important;background-position: center !important;background-repeat: no-repeat !important;background-size: cover !important;}&#8221;][vc_row full_width=&#8221;stretch_row_content_no_spaces&#8221; content_placement=&#8221;middle&#8221; css=&#8221;.vc_custom_1490195642945{background-image: url(http:\/\/garier.ca\/wp-content\/uploads\/2017\/03\/header_contact.jpg?id=342) !important;background-position: center !important;background-repeat: no-repeat !important;background-size: cover !important;}&#8221; el_id=&#8221;header_inner&#8221;][vc_column][vc_column_text el_class=&#8221;intro_text&#8221; css=&#8221;.vc_custom_1490209609887{margin-left: 5% !important;}&#8221;]<\/p>\n<h4>Pour tous vos besoins ou questions<\/h4>\n<h1>CONTACTEZ UN EXPERT<\/h1>\n<p>[\/vc_column_text][\/vc_column][\/vc_row][vc_row css=&#8221;.vc_custom_1490198731873{padding-top: 0px !important;padding-right: 0px !important;padding-bottom: 0px !important;padding-left: 0px !important;}&#8221;][vc_column css=&#8221;.vc_custom_1490198722306{padding-top: 0px !important;padding-right: 0px !important;padding-bottom: 0px !important;padding-left: 0px !important;}&#8221;][vc_column_text el_class=&#8221;map_content&#8221;]<\/p>\n<div class=\"blocInfo\">\n<p><strong>Adresse: <\/strong><\/p>\n<p>13 050, rue Brault<br \/>\nMirabel, QC<br \/>\nJ7J 0W4<br \/>\nCanada<\/p>\n<p>&nbsp;<\/p>\n<\/div>\n<div class=\"blocInfo\">\n<p><strong>T\u00e9l\u00e9phone:<\/strong><\/p>\n<p>450 437-7852<br \/>\n1 800 267-7852<\/p>\n<p>&nbsp;<\/p>\n<\/div>\n<div class=\"blocInfo\">\n<p><strong>Courriel: <\/strong><a href=\"mailto:info@garier.ca\">info@garier.ca<\/a><\/p>\n<p>&nbsp;<\/p>\n<div class=\"social-links\">\n<ul>\n<li><a style=\"color: #000;\" href=\"https:\/\/fr-ca.facebook.com\/GarierInc\/\" target=\"_blank\" rel=\"noopener noreferrer\"><i class=\"fa fa-facebook-square\" style=\"font-size: 3rem;\">\u00a0<\/i><\/a><\/li>\n<li><a style=\"color: #000;\" href=\"https:\/\/www.youtube.com\/channel\/UC0yV10oh1XdyE3lhl_ClBBw\" target=\"_blank\" rel=\"noopener noreferrer\"><i class=\"fa fa-youtube\" style=\"font-size: 2.8rem;\">\u00a0<\/i><\/a><\/li>\n<\/ul>\n<\/div>\n<\/div>\n<p>[\/vc_column_text][vc_column_text]<div id=\"wpgmza_map\" class=\"wpgmza_map\" data-settings='{\"id\":\"1\",\"map_title\":\"Garier inc.\",\"map_width\":\"100\",\"map_height\":\"400\",\"map_start_lat\":\"45.608764\",\"map_start_lng\":\"-73.939593\",\"map_start_location\":\"45.608764,-73.939593\",\"map_start_zoom\":\"10\",\"default_marker\":\"0\",\"type\":\"1\",\"alignment\":\"2\",\"directions_enabled\":\"1\",\"styling_enabled\":\"0\",\"styling_json\":\"\",\"active\":\"0\",\"kml\":\"\",\"bicycle\":\"0\",\"traffic\":\"0\",\"dbox\":\"1\",\"dbox_width\":\"100\",\"listmarkers\":\"0\",\"listmarkers_advanced\":\"0\",\"filterbycat\":\"0\",\"ugm_enabled\":\"0\",\"ugm_category_enabled\":\"0\",\"fusion\":\"\",\"map_width_type\":\"\\\\%\",\"map_height_type\":\"px\",\"mass_marker_support\":\"1\",\"ugm_access\":\"0\",\"order_markers_by\":\"1\",\"order_markers_choice\":\"2\",\"show_user_location\":\"0\",\"default_to\":\"\",\"other_settings\":{\"store_locator_enabled\":2,\"store_locator_distance\":2,\"store_locator_bounce\":1,\"store_locator_query_string\":\"ZIP \\\/ Address:\",\"store_locator_default_address\":\"\",\"wpgmza_store_locator_restrict\":\"\",\"map_max_zoom\":\"1\",\"transport_layer\":0,\"wpgmza_theme_data\":\"[{\\\\\\\"featureType\\\\\\\":\\\\\\\"landscape\\\\\\\",\\\\\\\"stylers\\\\\\\":[{\\\\\\\"saturation\\\\\\\":-100},{\\\\\\\"lightness\\\\\\\":65},{\\\\\\\"visibility\\\\\\\":\\\\\\\"on\\\\\\\"}]},{\\\\\\\"featureType\\\\\\\":\\\\\\\"poi\\\\\\\",\\\\\\\"stylers\\\\\\\":[{\\\\\\\"saturation\\\\\\\":-100},{\\\\\\\"lightness\\\\\\\":51},{\\\\\\\"visibility\\\\\\\":\\\\\\\"simplified\\\\\\\"}]},{\\\\\\\"featureType\\\\\\\":\\\\\\\"road.highway\\\\\\\",\\\\\\\"stylers\\\\\\\":[{\\\\\\\"saturation\\\\\\\":-100},{\\\\\\\"visibility\\\\\\\":\\\\\\\"simplified\\\\\\\"}]},{\\\\\\\"featureType\\\\\\\":\\\\\\\"road.arterial\\\\\\\",\\\\\\\"stylers\\\\\\\":[{\\\\\\\"saturation\\\\\\\":-100},{\\\\\\\"lightness\\\\\\\":30},{\\\\\\\"visibility\\\\\\\":\\\\\\\"on\\\\\\\"}]},{\\\\\\\"featureType\\\\\\\":\\\\\\\"road.local\\\\\\\",\\\\\\\"stylers\\\\\\\":[{\\\\\\\"saturation\\\\\\\":-100},{\\\\\\\"lightness\\\\\\\":40},{\\\\\\\"visibility\\\\\\\":\\\\\\\"on\\\\\\\"}]},{\\\\\\\"featureType\\\\\\\":\\\\\\\"transit\\\\\\\",\\\\\\\"stylers\\\\\\\":[{\\\\\\\"saturation\\\\\\\":-100},{\\\\\\\"visibility\\\\\\\":\\\\\\\"simplified\\\\\\\"}]},{\\\\\\\"featureType\\\\\\\":\\\\\\\"administrative.province\\\\\\\",\\\\\\\"stylers\\\\\\\":[{\\\\\\\"visibility\\\\\\\":\\\\\\\"off\\\\\\\"}]},{\\\\\\\"featureType\\\\\\\":\\\\\\\"water\\\\\\\",\\\\\\\"elementType\\\\\\\":\\\\\\\"labels\\\\\\\",\\\\\\\"stylers\\\\\\\":[{\\\\\\\"visibility\\\\\\\":\\\\\\\"on\\\\\\\"},{\\\\\\\"lightness\\\\\\\":-25},{\\\\\\\"saturation\\\\\\\":-100}]},{\\\\\\\"featureType\\\\\\\":\\\\\\\"water\\\\\\\",\\\\\\\"elementType\\\\\\\":\\\\\\\"geometry\\\\\\\",\\\\\\\"stylers\\\\\\\":[{\\\\\\\"hue\\\\\\\":\\\\\\\"#ffff00\\\\\\\"},{\\\\\\\"lightness\\\\\\\":-25},{\\\\\\\"saturation\\\\\\\":-97}]}]\",\"wpgmza_theme_selection\":3}}' data-map-id='1' Data-maps-engine='google-maps' data-shortcode-attributes='{\"id\":\"1\"}' style=\"display:block; overflow:auto; width:100%; height:400px; float:left;\"><\/div>[\/vc_column_text][\/vc_column][\/vc_row][vc_row][vc_column][vc_column_text css=&#8221;.vc_custom_1554736313003{margin-right: 5% !important;margin-left: 5% !important;}&#8221;]<\/p>\n<h2 class=\"bordered\">Demande d&#8217;informations<\/h2>\n<p>Besoin de conseils pour choisir vos \u00e9quipements? S&#8217;il vous plait, veuillez remplir les champs ci-dessous.<\/p>\n<div class=\"wpcf7 no-js\" id=\"wpcf7-f372-o1\" lang=\"fr-FR\" dir=\"ltr\" data-wpcf7-id=\"372\">\n<div class=\"screen-reader-response\"><p role=\"status\" aria-live=\"polite\" aria-atomic=\"true\"><\/p> <ul><\/ul><\/div>\n<form action=\"\/en\/wp-json\/wp\/v2\/pages\/644#wpcf7-f372-o1\" method=\"post\" class=\"wpcf7-form init\" aria-label=\"Formulaire de contact\" novalidate=\"novalidate\" data-status=\"init\">\n<fieldset class=\"hidden-fields-container\"><input type=\"hidden\" name=\"_wpcf7\" value=\"372\" \/><input type=\"hidden\" name=\"_wpcf7_version\" value=\"6.1.5\" \/><input type=\"hidden\" name=\"_wpcf7_locale\" value=\"fr_FR\" \/><input type=\"hidden\" name=\"_wpcf7_unit_tag\" value=\"wpcf7-f372-o1\" \/><input type=\"hidden\" name=\"_wpcf7_container_post\" value=\"0\" \/><input type=\"hidden\" name=\"_wpcf7_posted_data_hash\" value=\"\" \/>\n<\/fieldset>\n<div class=\"row\">\n\t<div class=\"col-sm-6\">\n\t\t<p><span class=\"wpcf7-form-control-wrap\" data-name=\"your-name\"><input size=\"40\" maxlength=\"400\" class=\"wpcf7-form-control wpcf7-text wpcf7-validates-as-required\" aria-required=\"true\" aria-invalid=\"false\" placeholder=\"Votre nom\" value=\"\" type=\"text\" name=\"your-name\" \/><\/span>\n\t\t<\/p>\n\t<\/div>\n\t<div class=\"col-sm-6\">\n\t\t<p><span class=\"wpcf7-form-control-wrap\" data-name=\"your-company\"><input size=\"40\" maxlength=\"400\" class=\"wpcf7-form-control wpcf7-text wpcf7-validates-as-required\" aria-required=\"true\" aria-invalid=\"false\" placeholder=\"Votre compagnie\" value=\"\" type=\"text\" name=\"your-company\" \/><\/span>\n\t\t<\/p>\n\t<\/div>\n\t<div class=\"col-sm-6\">\n\t\t<p><span class=\"wpcf7-form-control-wrap\" data-name=\"your-phone\"><input size=\"40\" maxlength=\"400\" class=\"wpcf7-form-control wpcf7-text wpcf7-validates-as-required\" aria-required=\"true\" aria-invalid=\"false\" placeholder=\"Votre t\u00e9l\u00e9phone\" value=\"\" type=\"text\" name=\"your-phone\" \/><\/span>\n\t\t<\/p>\n\t<\/div>\n\t<div class=\"col-sm-6\">\n\t\t<p><span class=\"wpcf7-form-control-wrap\" data-name=\"your-email\"><input size=\"40\" maxlength=\"400\" class=\"wpcf7-form-control wpcf7-email wpcf7-validates-as-required wpcf7-text wpcf7-validates-as-email\" aria-required=\"true\" aria-invalid=\"false\" placeholder=\"Votre courriel\" value=\"\" type=\"email\" name=\"your-email\" \/><\/span>\n\t\t<\/p>\n\t<\/div>\n\t<div class=\"col-sm-12\">\n\t\t<p><span class=\"wpcf7-form-control-wrap\" data-name=\"your-subject\"><input size=\"40\" maxlength=\"400\" class=\"wpcf7-form-control wpcf7-text\" aria-invalid=\"false\" placeholder=\"Sujet\" value=\"\" type=\"text\" name=\"your-subject\" \/><\/span>\n\t\t<\/p>\n\t<\/div>\n\t<div class=\"col-sm-12\">\n\t\t<p><span class=\"wpcf7-form-control-wrap\" data-name=\"your-message\"><textarea cols=\"40\" rows=\"10\" maxlength=\"2000\" class=\"wpcf7-form-control wpcf7-textarea\" aria-invalid=\"false\" placeholder=\"Questions \/ Message\" name=\"your-message\"><\/textarea><\/span>\n\t\t<\/p>\n\t<\/div>\n\t<div class=\"col-sm-12\">\n\t\t<p><input class=\"wpcf7-form-control wpcf7-submit has-spinner\" type=\"submit\" value=\"Envoyer\" \/>\n\t\t<\/p>\n\t<\/div>\n<\/div><div class=\"wpcf7-response-output\" aria-hidden=\"true\"><\/div>\n<\/form>\n<\/div>\n[\/vc_column_text][\/vc_column][\/vc_row][\/vc_section]<\/p>\n<\/div>","protected":false},"excerpt":{"rendered":"<p>[vc_section full_width=&#8221;stretch_row_content&#8221; full_height=&#8221;yes&#8221; content_placement=&#8221;top&#8221; css=&#8221;.vc_custom_1490195450931{padding-top: 0px !important;padding-right: 0px !important;padding-bottom: 0px !important;padding-left: 0px !important;background-position: center !important;background-repeat: no-repeat !important;background-size: cover !important;}&#8221;][vc_row full_width=&#8221;stretch_row_content_no_spaces&#8221; content_placement=&#8221;middle&#8221; css=&#8221;.vc_custom_1490195642945{background-image: url(http:\/\/garier.ca\/wp-content\/uploads\/2017\/03\/header_contact.jpg?id=342) !important;background-position: center !important;background-repeat: no-repeat !important;background-size: cover !important;}&#8221; el_id=&#8221;header_inner&#8221;][vc_column][vc_column_text el_class=&#8221;intro_text&#8221; css=&#8221;.vc_custom_1490209609887{margin-left: 5% !important;}&#8221;] Pour tous vos besoins ou questions CONTACTEZ UN EXPERT [\/vc_column_text][\/vc_column][\/vc_row][vc_row css=&#8221;.vc_custom_1490198731873{padding-top: 0px !important;padding-right: 0px !important;padding-bottom: 0px !important;padding-left: 0px !important;}&#8221;][vc_column css=&#8221;.vc_custom_1490198722306{padding-top: [&hellip;]<\/p>\n","protected":false},"author":3,"featured_media":0,"parent":0,"menu_order":10,"comment_status":"closed","ping_status":"closed","template":"","meta":{"_acf_changed":false,"footnotes":""},"class_list":["post-644","page","type-page","status-publish","hentry"],"acf":[],"yoast_head":"<!-- This site is optimized with the Yoast SEO plugin v27.5 - https:\/\/yoast.com\/product\/yoast-seo-wordpress\/ -->\n<title>Garier | \u00c9quipements de machinerie lourde<\/title>\n<meta name=\"description\" content=\"Pour tous vos besoins et questions concernant la conception de nos \u00e9quipements destin\u00e9s aux excavatrices, chargeurs et autres, contactez notre \u00e9quipe au 1 800 267-7852.\" \/>\n<meta name=\"robots\" content=\"index, follow, max-snippet:-1, max-image-preview:large, max-video-preview:-1\" \/>\n<link rel=\"canonical\" href=\"https:\/\/garier.ca\/en\/contact\/\" \/>\n<meta property=\"og:locale\" content=\"en_US\" \/>\n<meta property=\"og:type\" content=\"article\" \/>\n<meta property=\"og:title\" content=\"Garier | \u00c9quipements de machinerie lourde\" \/>\n<meta property=\"og:description\" content=\"Pour tous vos besoins et questions concernant la conception de nos \u00e9quipements destin\u00e9s aux excavatrices, chargeurs et autres, contactez notre \u00e9quipe au 1 800 267-7852.\" \/>\n<meta property=\"og:url\" content=\"https:\/\/garier.ca\/en\/contact\/\" \/>\n<meta property=\"og:site_name\" content=\"Garier\" \/>\n<meta property=\"article:modified_time\" content=\"2020-05-28T20:03:57+00:00\" \/>\n<meta name=\"twitter:card\" content=\"summary_large_image\" \/>\n<meta name=\"twitter:label1\" content=\"Est. reading time\" \/>\n\t<meta name=\"twitter:data1\" content=\"1 minute\" \/>\n<script type=\"application\/ld+json\" class=\"yoast-schema-graph\">{\"@context\":\"https:\\\/\\\/schema.org\",\"@graph\":[{\"@type\":\"WebPage\",\"@id\":\"https:\\\/\\\/garier.ca\\\/en\\\/contact\\\/\",\"url\":\"https:\\\/\\\/garier.ca\\\/en\\\/contact\\\/\",\"name\":\"Garier | \u00c9quipements de machinerie lourde\",\"isPartOf\":{\"@id\":\"https:\\\/\\\/garier.ca\\\/en\\\/#website\"},\"datePublished\":\"2020-05-28T20:03:56+00:00\",\"dateModified\":\"2020-05-28T20:03:57+00:00\",\"description\":\"Pour tous vos besoins et questions concernant la conception de nos \u00e9quipements destin\u00e9s aux excavatrices, chargeurs et autres, contactez notre \u00e9quipe au 1 800 267-7852.\",\"breadcrumb\":{\"@id\":\"https:\\\/\\\/garier.ca\\\/en\\\/contact\\\/#breadcrumb\"},\"inLanguage\":\"en-US\",\"potentialAction\":[{\"@type\":\"ReadAction\",\"target\":[\"https:\\\/\\\/garier.ca\\\/en\\\/contact\\\/\"]}]},{\"@type\":\"BreadcrumbList\",\"@id\":\"https:\\\/\\\/garier.ca\\\/en\\\/contact\\\/#breadcrumb\",\"itemListElement\":[{\"@type\":\"ListItem\",\"position\":1,\"name\":\"Home\",\"item\":\"https:\\\/\\\/garier.ca\\\/en\\\/\"},{\"@type\":\"ListItem\",\"position\":2,\"name\":\"Contact\"}]},{\"@type\":\"WebSite\",\"@id\":\"https:\\\/\\\/garier.ca\\\/en\\\/#website\",\"url\":\"https:\\\/\\\/garier.ca\\\/en\\\/\",\"name\":\"Garier\",\"description\":\"\",\"potentialAction\":[{\"@type\":\"SearchAction\",\"target\":{\"@type\":\"EntryPoint\",\"urlTemplate\":\"https:\\\/\\\/garier.ca\\\/en\\\/?s={search_term_string}\"},\"query-input\":{\"@type\":\"PropertyValueSpecification\",\"valueRequired\":true,\"valueName\":\"search_term_string\"}}],\"inLanguage\":\"en-US\"}]}<\/script>\n<!-- \/ Yoast SEO plugin. -->","yoast_head_json":{"title":"Garier | \u00c9quipements de machinerie lourde","description":"Pour tous vos besoins et questions concernant la conception de nos \u00e9quipements destin\u00e9s aux excavatrices, chargeurs et autres, contactez notre \u00e9quipe au 1 800 267-7852.","robots":{"index":"index","follow":"follow","max-snippet":"max-snippet:-1","max-image-preview":"max-image-preview:large","max-video-preview":"max-video-preview:-1"},"canonical":"https:\/\/garier.ca\/en\/contact\/","og_locale":"en_US","og_type":"article","og_title":"Garier | \u00c9quipements de machinerie lourde","og_description":"Pour tous vos besoins et questions concernant la conception de nos \u00e9quipements destin\u00e9s aux excavatrices, chargeurs et autres, contactez notre \u00e9quipe au 1 800 267-7852.","og_url":"https:\/\/garier.ca\/en\/contact\/","og_site_name":"Garier","article_modified_time":"2020-05-28T20:03:57+00:00","twitter_card":"summary_large_image","twitter_misc":{"Est. reading time":"1 minute"},"schema":{"@context":"https:\/\/schema.org","@graph":[{"@type":"WebPage","@id":"https:\/\/garier.ca\/en\/contact\/","url":"https:\/\/garier.ca\/en\/contact\/","name":"Garier | \u00c9quipements de machinerie lourde","isPartOf":{"@id":"https:\/\/garier.ca\/en\/#website"},"datePublished":"2020-05-28T20:03:56+00:00","dateModified":"2020-05-28T20:03:57+00:00","description":"Pour tous vos besoins et questions concernant la conception de nos \u00e9quipements destin\u00e9s aux excavatrices, chargeurs et autres, contactez notre \u00e9quipe au 1 800 267-7852.","breadcrumb":{"@id":"https:\/\/garier.ca\/en\/contact\/#breadcrumb"},"inLanguage":"en-US","potentialAction":[{"@type":"ReadAction","target":["https:\/\/garier.ca\/en\/contact\/"]}]},{"@type":"BreadcrumbList","@id":"https:\/\/garier.ca\/en\/contact\/#breadcrumb","itemListElement":[{"@type":"ListItem","position":1,"name":"Home","item":"https:\/\/garier.ca\/en\/"},{"@type":"ListItem","position":2,"name":"Contact"}]},{"@type":"WebSite","@id":"https:\/\/garier.ca\/en\/#website","url":"https:\/\/garier.ca\/en\/","name":"Garier","description":"","potentialAction":[{"@type":"SearchAction","target":{"@type":"EntryPoint","urlTemplate":"https:\/\/garier.ca\/en\/?s={search_term_string}"},"query-input":{"@type":"PropertyValueSpecification","valueRequired":true,"valueName":"search_term_string"}}],"inLanguage":"en-US"}]}},"_links":{"self":[{"href":"https:\/\/garier.ca\/en\/wp-json\/wp\/v2\/pages\/644","targetHints":{"allow":["GET"]}}],"collection":[{"href":"https:\/\/garier.ca\/en\/wp-json\/wp\/v2\/pages"}],"about":[{"href":"https:\/\/garier.ca\/en\/wp-json\/wp\/v2\/types\/page"}],"author":[{"embeddable":true,"href":"https:\/\/garier.ca\/en\/wp-json\/wp\/v2\/users\/3"}],"replies":[{"embeddable":true,"href":"https:\/\/garier.ca\/en\/wp-json\/wp\/v2\/comments?post=644"}],"version-history":[{"count":0,"href":"https:\/\/garier.ca\/en\/wp-json\/wp\/v2\/pages\/644\/revisions"}],"wp:attachment":[{"href":"https:\/\/garier.ca\/en\/wp-json\/wp\/v2\/media?parent=644"}],"curies":[{"name":"wp","href":"https:\/\/api.w.org\/{rel}","templated":true}]}}