{"id":647,"date":"2016-04-26T17:08:23","date_gmt":"2016-04-26T15:08:23","guid":{"rendered":"https:\/\/garier.ca\/home\/"},"modified":"2020-05-28T16:27:02","modified_gmt":"2020-05-28T20:27:02","slug":"accueil","status":"publish","type":"page","link":"https:\/\/garier.ca\/en\/","title":{"rendered":"Home"},"content":{"rendered":"<h3>Exigez Garier<\/h3>\n<p>Garier occupe une place d\u2019avant-plan dans la conception et la fabrication d\u2019\u00e9quipements de machinerie lourde, tel que les godets, les syst\u00e8mes d\u2019attaches rapides et autres pi\u00e8ces pour excavatrices, chargeurs sur pneus et sur chenilles. En plus d\u2019\u00eatre la r\u00e9f\u00e9rence sur le march\u00e9 avec des produits haute durabilit\u00e9 et performants, Garier accorde une grande importance \u00e0 l\u2019orientation client afin de pouvoir \u00e9tablir une relation de confiance avec vous. Notre \u00e9coute nous permet de satisfaire vos besoins au maximum, et ce, au grand plaisir de tous.<\/p>\n<p><a class=\"decbutn\" href=\"https:\/\/garier.ca\/en\/about-us\/\">D\u00e9couvrez L&#8217;entreprise<i class=\"fa fa-play\"><\/i><br \/>\n<\/a><\/p>\n","protected":false},"excerpt":{"rendered":"<p>Exigez Garier Garier occupe une place d\u2019avant-plan dans la conception et la fabrication d\u2019\u00e9quipements de machinerie lourde, tel que les godets, les syst\u00e8mes d\u2019attaches rapides et autres pi\u00e8ces pour excavatrices, chargeurs sur pneus et sur chenilles. En plus d\u2019\u00eatre la r\u00e9f\u00e9rence sur le march\u00e9 avec des produits haute durabilit\u00e9 et performants, Garier accorde une grande [&hellip;]<\/p>\n","protected":false},"author":3,"featured_media":0,"parent":0,"menu_order":13,"comment_status":"closed","ping_status":"closed","template":"index.php","meta":{"_acf_changed":false,"footnotes":""},"class_list":["post-647","page","type-page","status-publish","hentry"],"acf":[],"yoast_head":"<!-- This site is optimized with the Yoast SEO plugin v26.8 - https:\/\/yoast.com\/product\/yoast-seo-wordpress\/ -->\n<title>\u00c9quipements pour excavatrice et chargeur | Garier<\/title>\n<meta name=\"description\" content=\"Garier occupe une place d\u2019avant-plan dans la conception et la fabrication d\u2019\u00e9quipements de machinerie lourde, tel que les godets, syst\u00e8mes d\u2019attaches rapides et autres pi\u00e8ces pour excavatrices, chargeurs sur pneus et sur chenilles.\" \/>\n<meta name=\"robots\" content=\"index, follow, max-snippet:-1, max-image-preview:large, max-video-preview:-1\" \/>\n<link rel=\"canonical\" href=\"https:\/\/garier.ca\/en\/\" \/>\n<meta property=\"og:locale\" content=\"en_US\" \/>\n<meta property=\"og:type\" content=\"article\" \/>\n<meta property=\"og:title\" content=\"\u00c9quipements pour excavatrice et chargeur | Garier\" \/>\n<meta property=\"og:description\" content=\"Garier occupe une place d\u2019avant-plan dans la conception et la fabrication d\u2019\u00e9quipements de machinerie lourde, tel que les godets, syst\u00e8mes d\u2019attaches rapides et autres pi\u00e8ces pour excavatrices, chargeurs sur pneus et sur chenilles.\" \/>\n<meta property=\"og:url\" content=\"https:\/\/garier.ca\/en\/\" \/>\n<meta property=\"og:site_name\" content=\"Garier\" \/>\n<meta property=\"article:modified_time\" content=\"2020-05-28T20:27:02+00:00\" \/>\n<meta name=\"twitter:card\" content=\"summary_large_image\" \/>\n<script type=\"application\/ld+json\" class=\"yoast-schema-graph\">{\"@context\":\"https:\/\/schema.org\",\"@graph\":[{\"@type\":\"WebPage\",\"@id\":\"https:\/\/garier.ca\/en\/\",\"url\":\"https:\/\/garier.ca\/en\/\",\"name\":\"\u00c9quipements pour excavatrice et chargeur | Garier\",\"isPartOf\":{\"@id\":\"https:\/\/garier.ca\/en\/#website\"},\"datePublished\":\"2016-04-26T15:08:23+00:00\",\"dateModified\":\"2020-05-28T20:27:02+00:00\",\"description\":\"Garier occupe une place d\u2019avant-plan dans la conception et la fabrication d\u2019\u00e9quipements de machinerie lourde, tel que les godets, syst\u00e8mes d\u2019attaches rapides et autres pi\u00e8ces pour excavatrices, chargeurs sur pneus et sur chenilles.\",\"breadcrumb\":{\"@id\":\"https:\/\/garier.ca\/en\/#breadcrumb\"},\"inLanguage\":\"en-US\",\"potentialAction\":[{\"@type\":\"ReadAction\",\"target\":[\"https:\/\/garier.ca\/en\/\"]}]},{\"@type\":\"BreadcrumbList\",\"@id\":\"https:\/\/garier.ca\/en\/#breadcrumb\",\"itemListElement\":[{\"@type\":\"ListItem\",\"position\":1,\"name\":\"Home\",\"item\":\"https:\/\/garier.ca\/en\/\"},{\"@type\":\"ListItem\",\"position\":2,\"name\":\"Home\"}]},{\"@type\":\"WebSite\",\"@id\":\"https:\/\/garier.ca\/en\/#website\",\"url\":\"https:\/\/garier.ca\/en\/\",\"name\":\"Garier\",\"description\":\"\",\"potentialAction\":[{\"@type\":\"SearchAction\",\"target\":{\"@type\":\"EntryPoint\",\"urlTemplate\":\"https:\/\/garier.ca\/en\/?s={search_term_string}\"},\"query-input\":{\"@type\":\"PropertyValueSpecification\",\"valueRequired\":true,\"valueName\":\"search_term_string\"}}],\"inLanguage\":\"en-US\"}]}<\/script>\n<!-- \/ Yoast SEO plugin. -->","yoast_head_json":{"title":"\u00c9quipements pour excavatrice et chargeur | Garier","description":"Garier occupe une place d\u2019avant-plan dans la conception et la fabrication d\u2019\u00e9quipements de machinerie lourde, tel que les godets, syst\u00e8mes d\u2019attaches rapides et autres pi\u00e8ces pour excavatrices, chargeurs sur pneus et sur chenilles.","robots":{"index":"index","follow":"follow","max-snippet":"max-snippet:-1","max-image-preview":"max-image-preview:large","max-video-preview":"max-video-preview:-1"},"canonical":"https:\/\/garier.ca\/en\/","og_locale":"en_US","og_type":"article","og_title":"\u00c9quipements pour excavatrice et chargeur | Garier","og_description":"Garier occupe une place d\u2019avant-plan dans la conception et la fabrication d\u2019\u00e9quipements de machinerie lourde, tel que les godets, syst\u00e8mes d\u2019attaches rapides et autres pi\u00e8ces pour excavatrices, chargeurs sur pneus et sur chenilles.","og_url":"https:\/\/garier.ca\/en\/","og_site_name":"Garier","article_modified_time":"2020-05-28T20:27:02+00:00","twitter_card":"summary_large_image","schema":{"@context":"https:\/\/schema.org","@graph":[{"@type":"WebPage","@id":"https:\/\/garier.ca\/en\/","url":"https:\/\/garier.ca\/en\/","name":"\u00c9quipements pour excavatrice et chargeur | Garier","isPartOf":{"@id":"https:\/\/garier.ca\/en\/#website"},"datePublished":"2016-04-26T15:08:23+00:00","dateModified":"2020-05-28T20:27:02+00:00","description":"Garier occupe une place d\u2019avant-plan dans la conception et la fabrication d\u2019\u00e9quipements de machinerie lourde, tel que les godets, syst\u00e8mes d\u2019attaches rapides et autres pi\u00e8ces pour excavatrices, chargeurs sur pneus et sur chenilles.","breadcrumb":{"@id":"https:\/\/garier.ca\/en\/#breadcrumb"},"inLanguage":"en-US","potentialAction":[{"@type":"ReadAction","target":["https:\/\/garier.ca\/en\/"]}]},{"@type":"BreadcrumbList","@id":"https:\/\/garier.ca\/en\/#breadcrumb","itemListElement":[{"@type":"ListItem","position":1,"name":"Home","item":"https:\/\/garier.ca\/en\/"},{"@type":"ListItem","position":2,"name":"Home"}]},{"@type":"WebSite","@id":"https:\/\/garier.ca\/en\/#website","url":"https:\/\/garier.ca\/en\/","name":"Garier","description":"","potentialAction":[{"@type":"SearchAction","target":{"@type":"EntryPoint","urlTemplate":"https:\/\/garier.ca\/en\/?s={search_term_string}"},"query-input":{"@type":"PropertyValueSpecification","valueRequired":true,"valueName":"search_term_string"}}],"inLanguage":"en-US"}]}},"_links":{"self":[{"href":"https:\/\/garier.ca\/en\/wp-json\/wp\/v2\/pages\/647","targetHints":{"allow":["GET"]}}],"collection":[{"href":"https:\/\/garier.ca\/en\/wp-json\/wp\/v2\/pages"}],"about":[{"href":"https:\/\/garier.ca\/en\/wp-json\/wp\/v2\/types\/page"}],"author":[{"embeddable":true,"href":"https:\/\/garier.ca\/en\/wp-json\/wp\/v2\/users\/3"}],"replies":[{"embeddable":true,"href":"https:\/\/garier.ca\/en\/wp-json\/wp\/v2\/comments?post=647"}],"version-history":[{"count":0,"href":"https:\/\/garier.ca\/en\/wp-json\/wp\/v2\/pages\/647\/revisions"}],"wp:attachment":[{"href":"https:\/\/garier.ca\/en\/wp-json\/wp\/v2\/media?parent=647"}],"curies":[{"name":"wp","href":"https:\/\/api.w.org\/{rel}","templated":true}]}}