{"id":648,"date":"2020-05-28T16:05:44","date_gmt":"2020-05-28T20:05:44","guid":{"rendered":"https:\/\/garier.ca\/special-contracts\/"},"modified":"2020-05-28T16:05:44","modified_gmt":"2020-05-28T20:05:44","slug":"special-contracts","status":"publish","type":"page","link":"https:\/\/garier.ca\/en\/special-contracts\/","title":{"rendered":"Special contracts"},"content":{"rendered":"<div class=\"wpb-content-wrapper\"><p>[vc_row css=&#8221;.vc_custom_1525115943133{padding-right: 1.5rem !important;padding-left: 1.5rem !important;}&#8221;][vc_column width=&#8221;1\/4&#8243;][vc_single_image image=&#8221;483&#8243; img_size=&#8221;640&#215;480&#8243;][\/vc_column][vc_column width=&#8221;3\/4&#8243;][vc_column_text]<\/p>\n<h3>Ch\u00e2ssis de manutention avec grappin combin\u00e9<\/h3>\n<p>[\/vc_column_text][vc_column_text]La principale fonction de cet accessoire est le d\u00e9moulage des wagons contenant des pi\u00e8ces de fonte en fusion (315\u00b0C), commun\u00e9ment appel\u00e9es \u00abscories\u00bb. Il permet \u00e9galement de faire le transport et l&#8217;empilage \u00e0 la verticale de ces morceaux de scories.<\/p>\n<p>Ce ch\u00e2ssis peut travailler dans des conditions extr\u00eames, sous une temp\u00e9rature ambiante variant entre -40\u00b0C et 30\u00b0C dans la pluie, la neige et le verglas.<\/p>\n<p>Capacit\u00e9 de levage: 147 886 lb \u00e0 24 pouces.[\/vc_column_text][\/vc_column][\/vc_row][vc_row css=&#8221;.vc_custom_1525115953926{padding-right: 1.5rem !important;padding-left: 1.5rem !important;}&#8221;][vc_column][vc_separator][\/vc_column][\/vc_row]<\/p>\n<\/div>","protected":false},"excerpt":{"rendered":"<p>[vc_row css=&#8221;.vc_custom_1525115943133{padding-right: 1.5rem !important;padding-left: 1.5rem !important;}&#8221;][vc_column width=&#8221;1\/4&#8243;][vc_single_image image=&#8221;483&#8243; img_size=&#8221;640&#215;480&#8243;][\/vc_column][vc_column width=&#8221;3\/4&#8243;][vc_column_text] Ch\u00e2ssis de manutention avec grappin combin\u00e9 [\/vc_column_text][vc_column_text]La principale fonction de cet accessoire est le d\u00e9moulage des wagons contenant des pi\u00e8ces de fonte en fusion (315\u00b0C), commun\u00e9ment appel\u00e9es \u00abscories\u00bb. Il permet \u00e9galement de faire le transport et l&#8217;empilage \u00e0 la verticale de ces morceaux de scories. [&hellip;]<\/p>\n","protected":false},"author":6,"featured_media":0,"parent":0,"menu_order":15,"comment_status":"closed","ping_status":"closed","template":"","meta":{"_acf_changed":false,"footnotes":""},"class_list":["post-648","page","type-page","status-publish","hentry"],"acf":[],"yoast_head":"<!-- This site is optimized with the Yoast SEO plugin v27.6 - https:\/\/yoast.com\/product\/yoast-seo-wordpress\/ -->\n<title>Contrats sp\u00e9ciaux \u00e9quipements de machinerie lourde | Garier<\/title>\n<meta name=\"description\" content=\"En plus de sa gamme d&#039;accessoires conventionnels pour \u00e9quipements de machinerie lourde, Garier sait s&#039;adapter aux diff\u00e9rents besoins de sa client\u00e8le pour une vari\u00e9t\u00e9 de contrats sp\u00e9ciaux et produits sur mesure.\" \/>\n<meta name=\"robots\" content=\"index, follow, max-snippet:-1, max-image-preview:large, max-video-preview:-1\" \/>\n<link rel=\"canonical\" href=\"https:\/\/garier.ca\/en\/special-contracts\/\" \/>\n<meta property=\"og:locale\" content=\"en_US\" \/>\n<meta property=\"og:type\" content=\"article\" \/>\n<meta property=\"og:title\" content=\"Contrats sp\u00e9ciaux \u00e9quipements de machinerie lourde | Garier\" \/>\n<meta property=\"og:description\" content=\"En plus de sa gamme d&#039;accessoires conventionnels pour \u00e9quipements de machinerie lourde, Garier sait s&#039;adapter aux diff\u00e9rents besoins de sa client\u00e8le pour une vari\u00e9t\u00e9 de contrats sp\u00e9ciaux et produits sur mesure.\" \/>\n<meta property=\"og:url\" content=\"https:\/\/garier.ca\/en\/special-contracts\/\" \/>\n<meta property=\"og:site_name\" content=\"Garier\" \/>\n<meta name=\"twitter:card\" content=\"summary_large_image\" \/>\n<meta name=\"twitter:label1\" content=\"Est. reading time\" \/>\n\t<meta name=\"twitter:data1\" content=\"1 minute\" \/>\n<script type=\"application\/ld+json\" class=\"yoast-schema-graph\">{\"@context\":\"https:\\\/\\\/schema.org\",\"@graph\":[{\"@type\":\"WebPage\",\"@id\":\"https:\\\/\\\/garier.ca\\\/en\\\/special-contracts\\\/\",\"url\":\"https:\\\/\\\/garier.ca\\\/en\\\/special-contracts\\\/\",\"name\":\"Contrats sp\u00e9ciaux \u00e9quipements de machinerie lourde | Garier\",\"isPartOf\":{\"@id\":\"https:\\\/\\\/garier.ca\\\/en\\\/#website\"},\"datePublished\":\"2020-05-28T20:05:44+00:00\",\"description\":\"En plus de sa gamme d'accessoires conventionnels pour \u00e9quipements de machinerie lourde, Garier sait s'adapter aux diff\u00e9rents besoins de sa client\u00e8le pour une vari\u00e9t\u00e9 de contrats sp\u00e9ciaux et produits sur mesure.\",\"breadcrumb\":{\"@id\":\"https:\\\/\\\/garier.ca\\\/en\\\/special-contracts\\\/#breadcrumb\"},\"inLanguage\":\"en-US\",\"potentialAction\":[{\"@type\":\"ReadAction\",\"target\":[\"https:\\\/\\\/garier.ca\\\/en\\\/special-contracts\\\/\"]}]},{\"@type\":\"BreadcrumbList\",\"@id\":\"https:\\\/\\\/garier.ca\\\/en\\\/special-contracts\\\/#breadcrumb\",\"itemListElement\":[{\"@type\":\"ListItem\",\"position\":1,\"name\":\"Home\",\"item\":\"https:\\\/\\\/garier.ca\\\/en\\\/\"},{\"@type\":\"ListItem\",\"position\":2,\"name\":\"Special contracts\"}]},{\"@type\":\"WebSite\",\"@id\":\"https:\\\/\\\/garier.ca\\\/en\\\/#website\",\"url\":\"https:\\\/\\\/garier.ca\\\/en\\\/\",\"name\":\"Garier\",\"description\":\"\",\"potentialAction\":[{\"@type\":\"SearchAction\",\"target\":{\"@type\":\"EntryPoint\",\"urlTemplate\":\"https:\\\/\\\/garier.ca\\\/en\\\/?s={search_term_string}\"},\"query-input\":{\"@type\":\"PropertyValueSpecification\",\"valueRequired\":true,\"valueName\":\"search_term_string\"}}],\"inLanguage\":\"en-US\"}]}<\/script>\n<!-- \/ Yoast SEO plugin. -->","yoast_head_json":{"title":"Contrats sp\u00e9ciaux \u00e9quipements de machinerie lourde | Garier","description":"En plus de sa gamme d'accessoires conventionnels pour \u00e9quipements de machinerie lourde, Garier sait s'adapter aux diff\u00e9rents besoins de sa client\u00e8le pour une vari\u00e9t\u00e9 de contrats sp\u00e9ciaux et produits sur mesure.","robots":{"index":"index","follow":"follow","max-snippet":"max-snippet:-1","max-image-preview":"max-image-preview:large","max-video-preview":"max-video-preview:-1"},"canonical":"https:\/\/garier.ca\/en\/special-contracts\/","og_locale":"en_US","og_type":"article","og_title":"Contrats sp\u00e9ciaux \u00e9quipements de machinerie lourde | Garier","og_description":"En plus de sa gamme d'accessoires conventionnels pour \u00e9quipements de machinerie lourde, Garier sait s'adapter aux diff\u00e9rents besoins de sa client\u00e8le pour une vari\u00e9t\u00e9 de contrats sp\u00e9ciaux et produits sur mesure.","og_url":"https:\/\/garier.ca\/en\/special-contracts\/","og_site_name":"Garier","twitter_card":"summary_large_image","twitter_misc":{"Est. reading time":"1 minute"},"schema":{"@context":"https:\/\/schema.org","@graph":[{"@type":"WebPage","@id":"https:\/\/garier.ca\/en\/special-contracts\/","url":"https:\/\/garier.ca\/en\/special-contracts\/","name":"Contrats sp\u00e9ciaux \u00e9quipements de machinerie lourde | Garier","isPartOf":{"@id":"https:\/\/garier.ca\/en\/#website"},"datePublished":"2020-05-28T20:05:44+00:00","description":"En plus de sa gamme d'accessoires conventionnels pour \u00e9quipements de machinerie lourde, Garier sait s'adapter aux diff\u00e9rents besoins de sa client\u00e8le pour une vari\u00e9t\u00e9 de contrats sp\u00e9ciaux et produits sur mesure.","breadcrumb":{"@id":"https:\/\/garier.ca\/en\/special-contracts\/#breadcrumb"},"inLanguage":"en-US","potentialAction":[{"@type":"ReadAction","target":["https:\/\/garier.ca\/en\/special-contracts\/"]}]},{"@type":"BreadcrumbList","@id":"https:\/\/garier.ca\/en\/special-contracts\/#breadcrumb","itemListElement":[{"@type":"ListItem","position":1,"name":"Home","item":"https:\/\/garier.ca\/en\/"},{"@type":"ListItem","position":2,"name":"Special contracts"}]},{"@type":"WebSite","@id":"https:\/\/garier.ca\/en\/#website","url":"https:\/\/garier.ca\/en\/","name":"Garier","description":"","potentialAction":[{"@type":"SearchAction","target":{"@type":"EntryPoint","urlTemplate":"https:\/\/garier.ca\/en\/?s={search_term_string}"},"query-input":{"@type":"PropertyValueSpecification","valueRequired":true,"valueName":"search_term_string"}}],"inLanguage":"en-US"}]}},"_links":{"self":[{"href":"https:\/\/garier.ca\/en\/wp-json\/wp\/v2\/pages\/648","targetHints":{"allow":["GET"]}}],"collection":[{"href":"https:\/\/garier.ca\/en\/wp-json\/wp\/v2\/pages"}],"about":[{"href":"https:\/\/garier.ca\/en\/wp-json\/wp\/v2\/types\/page"}],"author":[{"embeddable":true,"href":"https:\/\/garier.ca\/en\/wp-json\/wp\/v2\/users\/6"}],"replies":[{"embeddable":true,"href":"https:\/\/garier.ca\/en\/wp-json\/wp\/v2\/comments?post=648"}],"version-history":[{"count":0,"href":"https:\/\/garier.ca\/en\/wp-json\/wp\/v2\/pages\/648\/revisions"}],"wp:attachment":[{"href":"https:\/\/garier.ca\/en\/wp-json\/wp\/v2\/media?parent=648"}],"curies":[{"name":"wp","href":"https:\/\/api.w.org\/{rel}","templated":true}]}}