{"id":650,"date":"2020-05-28T16:06:48","date_gmt":"2020-05-28T20:06:48","guid":{"rendered":"https:\/\/garier.ca\/inspection-service-repair\/"},"modified":"2020-05-28T16:06:48","modified_gmt":"2020-05-28T20:06:48","slug":"inspection-service-repair","status":"publish","type":"page","link":"https:\/\/garier.ca\/en\/inspection-service-repair\/","title":{"rendered":"Inspection service &#8211; repair"},"content":{"rendered":"<div class=\"wpb-content-wrapper\"><p>[vc_row css=&#8221;.vc_custom_1525115845698{padding-right: 1.5rem !important;padding-left: 1.5rem !important;}&#8221;][vc_column][vc_column_text]Dans un premier temps, nous vous sugg\u00e9rons fortement de v\u00e9rifier les points suivants sur vos accessoires:<\/p>\n<ul>\n<li>Usure de la lame de coupe et des couteaux boulonn\u00e9s<\/li>\n<li>Fond et doublure de fond du godet<\/li>\n<li>Lisses d&#8217;usure ( horizontales, verticales)<\/li>\n<li>Prot\u00e8ges c\u00f4t\u00e9s<\/li>\n<li>Couteaux lat\u00e9raux et protecteurs de couteaux lat\u00e9raux<\/li>\n<li>Outils d&#8217;attaque au sol (adaptateurs, dents)<\/li>\n<li>Usure des axes et diam\u00e8tre d&#8217;usinage<\/li>\n<\/ul>\n<p>[\/vc_column_text][\/vc_column][\/vc_row][vc_row css=&#8221;.vc_custom_1525115876067{padding-right: 1.5rem !important;padding-left: 1.5rem !important;}&#8221;][vc_column][vc_column_text]Apr\u00e8s quoi, appelez-nous pour obtenir une estimation gratuite du co\u00fbt des r\u00e9parations \u00e0 effectuer.<\/p>\n<p>Profitez de notre expertise en vous rappelant qu&#8217;\u00eatre proactif \u00e9vite souvent des contraintes on\u00e9reuses, et voyez ce que Garier peut faire:[\/vc_column_text][\/vc_column][\/vc_row][vc_row css=&#8221;.vc_custom_1525115883748{padding-right: 1.5rem !important;padding-left: 1.5rem !important;}&#8221;][vc_column width=&#8221;1\/2&#8243;][vc_text_separator title=&#8221;AVANT&#8221;][vc_single_image image=&#8221;456&#8243; img_size=&#8221;414&#215;327&#8243; alignment=&#8221;center&#8221;][\/vc_column][vc_column width=&#8221;1\/2&#8243;][vc_text_separator title=&#8221;APR\u00c8S&#8221;][vc_single_image image=&#8221;455&#8243; img_size=&#8221;414&#215;327&#8243; alignment=&#8221;center&#8221;][\/vc_column][\/vc_row]<\/p>\n<\/div>","protected":false},"excerpt":{"rendered":"<p>[vc_row css=&#8221;.vc_custom_1525115845698{padding-right: 1.5rem !important;padding-left: 1.5rem !important;}&#8221;][vc_column][vc_column_text]Dans un premier temps, nous vous sugg\u00e9rons fortement de v\u00e9rifier les points suivants sur vos accessoires: Usure de la lame de coupe et des couteaux boulonn\u00e9s Fond et doublure de fond du godet Lisses d&#8217;usure ( horizontales, verticales) Prot\u00e8ges c\u00f4t\u00e9s Couteaux lat\u00e9raux et protecteurs de couteaux lat\u00e9raux Outils d&#8217;attaque au [&hellip;]<\/p>\n","protected":false},"author":3,"featured_media":0,"parent":0,"menu_order":18,"comment_status":"closed","ping_status":"open","template":"","meta":{"_acf_changed":false,"footnotes":""},"class_list":["post-650","page","type-page","status-publish","hentry"],"acf":[],"yoast_head":"<!-- This site is optimized with the Yoast SEO plugin v27.6 - https:\/\/yoast.com\/product\/yoast-seo-wordpress\/ -->\n<title>R\u00e9paration d&#039;accessoires de machinerie lourde | Garier<\/title>\n<meta name=\"description\" content=\"Pour l&#039;inspection et la r\u00e9paration d&#039;accessoires de machinerie lourde, comptez sur le service rapide, professionnel et fiable de Garier.\" \/>\n<meta name=\"robots\" content=\"index, follow, max-snippet:-1, max-image-preview:large, max-video-preview:-1\" \/>\n<link rel=\"canonical\" href=\"https:\/\/garier.ca\/en\/inspection-service-repair\/\" \/>\n<meta property=\"og:locale\" content=\"en_US\" \/>\n<meta property=\"og:type\" content=\"article\" \/>\n<meta property=\"og:title\" content=\"R\u00e9paration d&#039;accessoires de machinerie lourde | Garier\" \/>\n<meta property=\"og:description\" content=\"Pour l&#039;inspection et la r\u00e9paration d&#039;accessoires de machinerie lourde, comptez sur le service rapide, professionnel et fiable de Garier.\" \/>\n<meta property=\"og:url\" content=\"https:\/\/garier.ca\/en\/inspection-service-repair\/\" \/>\n<meta property=\"og:site_name\" content=\"Garier\" \/>\n<meta name=\"twitter:card\" content=\"summary_large_image\" \/>\n<meta name=\"twitter:label1\" content=\"Est. reading time\" \/>\n\t<meta name=\"twitter:data1\" content=\"1 minute\" \/>\n<script type=\"application\/ld+json\" class=\"yoast-schema-graph\">{\"@context\":\"https:\\\/\\\/schema.org\",\"@graph\":[{\"@type\":\"WebPage\",\"@id\":\"https:\\\/\\\/garier.ca\\\/en\\\/inspection-service-repair\\\/\",\"url\":\"https:\\\/\\\/garier.ca\\\/en\\\/inspection-service-repair\\\/\",\"name\":\"R\u00e9paration d'accessoires de machinerie lourde | Garier\",\"isPartOf\":{\"@id\":\"https:\\\/\\\/garier.ca\\\/en\\\/#website\"},\"datePublished\":\"2020-05-28T20:06:48+00:00\",\"description\":\"Pour l'inspection et la r\u00e9paration d'accessoires de machinerie lourde, comptez sur le service rapide, professionnel et fiable de Garier.\",\"breadcrumb\":{\"@id\":\"https:\\\/\\\/garier.ca\\\/en\\\/inspection-service-repair\\\/#breadcrumb\"},\"inLanguage\":\"en-US\",\"potentialAction\":[{\"@type\":\"ReadAction\",\"target\":[\"https:\\\/\\\/garier.ca\\\/en\\\/inspection-service-repair\\\/\"]}]},{\"@type\":\"BreadcrumbList\",\"@id\":\"https:\\\/\\\/garier.ca\\\/en\\\/inspection-service-repair\\\/#breadcrumb\",\"itemListElement\":[{\"@type\":\"ListItem\",\"position\":1,\"name\":\"Home\",\"item\":\"https:\\\/\\\/garier.ca\\\/en\\\/\"},{\"@type\":\"ListItem\",\"position\":2,\"name\":\"Inspection service &#8211; repair\"}]},{\"@type\":\"WebSite\",\"@id\":\"https:\\\/\\\/garier.ca\\\/en\\\/#website\",\"url\":\"https:\\\/\\\/garier.ca\\\/en\\\/\",\"name\":\"Garier\",\"description\":\"\",\"potentialAction\":[{\"@type\":\"SearchAction\",\"target\":{\"@type\":\"EntryPoint\",\"urlTemplate\":\"https:\\\/\\\/garier.ca\\\/en\\\/?s={search_term_string}\"},\"query-input\":{\"@type\":\"PropertyValueSpecification\",\"valueRequired\":true,\"valueName\":\"search_term_string\"}}],\"inLanguage\":\"en-US\"}]}<\/script>\n<!-- \/ Yoast SEO plugin. -->","yoast_head_json":{"title":"R\u00e9paration d'accessoires de machinerie lourde | Garier","description":"Pour l'inspection et la r\u00e9paration d'accessoires de machinerie lourde, comptez sur le service rapide, professionnel et fiable de Garier.","robots":{"index":"index","follow":"follow","max-snippet":"max-snippet:-1","max-image-preview":"max-image-preview:large","max-video-preview":"max-video-preview:-1"},"canonical":"https:\/\/garier.ca\/en\/inspection-service-repair\/","og_locale":"en_US","og_type":"article","og_title":"R\u00e9paration d'accessoires de machinerie lourde | Garier","og_description":"Pour l'inspection et la r\u00e9paration d'accessoires de machinerie lourde, comptez sur le service rapide, professionnel et fiable de Garier.","og_url":"https:\/\/garier.ca\/en\/inspection-service-repair\/","og_site_name":"Garier","twitter_card":"summary_large_image","twitter_misc":{"Est. reading time":"1 minute"},"schema":{"@context":"https:\/\/schema.org","@graph":[{"@type":"WebPage","@id":"https:\/\/garier.ca\/en\/inspection-service-repair\/","url":"https:\/\/garier.ca\/en\/inspection-service-repair\/","name":"R\u00e9paration d'accessoires de machinerie lourde | Garier","isPartOf":{"@id":"https:\/\/garier.ca\/en\/#website"},"datePublished":"2020-05-28T20:06:48+00:00","description":"Pour l'inspection et la r\u00e9paration d'accessoires de machinerie lourde, comptez sur le service rapide, professionnel et fiable de Garier.","breadcrumb":{"@id":"https:\/\/garier.ca\/en\/inspection-service-repair\/#breadcrumb"},"inLanguage":"en-US","potentialAction":[{"@type":"ReadAction","target":["https:\/\/garier.ca\/en\/inspection-service-repair\/"]}]},{"@type":"BreadcrumbList","@id":"https:\/\/garier.ca\/en\/inspection-service-repair\/#breadcrumb","itemListElement":[{"@type":"ListItem","position":1,"name":"Home","item":"https:\/\/garier.ca\/en\/"},{"@type":"ListItem","position":2,"name":"Inspection service &#8211; repair"}]},{"@type":"WebSite","@id":"https:\/\/garier.ca\/en\/#website","url":"https:\/\/garier.ca\/en\/","name":"Garier","description":"","potentialAction":[{"@type":"SearchAction","target":{"@type":"EntryPoint","urlTemplate":"https:\/\/garier.ca\/en\/?s={search_term_string}"},"query-input":{"@type":"PropertyValueSpecification","valueRequired":true,"valueName":"search_term_string"}}],"inLanguage":"en-US"}]}},"_links":{"self":[{"href":"https:\/\/garier.ca\/en\/wp-json\/wp\/v2\/pages\/650","targetHints":{"allow":["GET"]}}],"collection":[{"href":"https:\/\/garier.ca\/en\/wp-json\/wp\/v2\/pages"}],"about":[{"href":"https:\/\/garier.ca\/en\/wp-json\/wp\/v2\/types\/page"}],"author":[{"embeddable":true,"href":"https:\/\/garier.ca\/en\/wp-json\/wp\/v2\/users\/3"}],"replies":[{"embeddable":true,"href":"https:\/\/garier.ca\/en\/wp-json\/wp\/v2\/comments?post=650"}],"version-history":[{"count":0,"href":"https:\/\/garier.ca\/en\/wp-json\/wp\/v2\/pages\/650\/revisions"}],"wp:attachment":[{"href":"https:\/\/garier.ca\/en\/wp-json\/wp\/v2\/media?parent=650"}],"curies":[{"name":"wp","href":"https:\/\/api.w.org\/{rel}","templated":true}]}}